{"id":886,"date":"2024-02-26T13:22:21","date_gmt":"2024-02-26T12:22:21","guid":{"rendered":"https:\/\/youcaredom.fr\/?page_id=886"},"modified":"2024-02-26T13:37:07","modified_gmt":"2024-02-26T12:37:07","slug":"confidentialite","status":"publish","type":"page","link":"https:\/\/youcaredom.fr\/index.php\/confidentialite\/","title":{"rendered":"Confidentialit\u00e9"},"content":{"rendered":"\t\t<div data-elementor-type=\"wp-page\" data-elementor-id=\"886\" class=\"elementor elementor-886\" data-elementor-post-type=\"page\">\n\t\t\t\t<div class=\"elementor-element elementor-element-4b71f06 e-flex e-con-boxed e-con e-parent\" data-id=\"4b71f06\" data-element_type=\"container\" data-settings=\"{&quot;background_background&quot;:&quot;classic&quot;,&quot;_ha_eqh_enable&quot;:false}\">\n\t\t\t\t\t<div class=\"e-con-inner\">\n\t\t\t\t<div class=\"elementor-element elementor-element-61d9e7b elementor-widget elementor-widget-heading\" data-id=\"61d9e7b\" data-element_type=\"widget\" data-widget_type=\"heading.default\">\n\t\t\t\t<div class=\"elementor-widget-container\">\n\t\t\t<style>\/*! elementor - v3.21.0 - 26-05-2024 *\/\n.elementor-heading-title{padding:0;margin:0;line-height:1}.elementor-widget-heading .elementor-heading-title[class*=elementor-size-]>a{color:inherit;font-size:inherit;line-height:inherit}.elementor-widget-heading .elementor-heading-title.elementor-size-small{font-size:15px}.elementor-widget-heading .elementor-heading-title.elementor-size-medium{font-size:19px}.elementor-widget-heading .elementor-heading-title.elementor-size-large{font-size:29px}.elementor-widget-heading .elementor-heading-title.elementor-size-xl{font-size:39px}.elementor-widget-heading .elementor-heading-title.elementor-size-xxl{font-size:59px}<\/style><h2 class=\"elementor-heading-title elementor-size-default\">Accueil<\/h2>\t\t<\/div>\n\t\t\t\t<\/div>\n\t\t\t\t<div class=\"elementor-element elementor-element-5e1c64e elementor-widget elementor-widget-heading\" data-id=\"5e1c64e\" data-element_type=\"widget\" data-widget_type=\"heading.default\">\n\t\t\t\t<div class=\"elementor-widget-container\">\n\t\t\t<h2 class=\"elementor-heading-title elementor-size-default\">Confidentialit\u00e9<\/h2>\t\t<\/div>\n\t\t\t\t<\/div>\n\t\t\t\t\t<\/div>\n\t\t\t\t<\/div>\n\t\t<div class=\"elementor-element elementor-element-99100f6 e-flex e-con-boxed e-con e-parent\" data-id=\"99100f6\" data-element_type=\"container\" data-settings=\"{&quot;_ha_eqh_enable&quot;:false}\">\n\t\t\t\t\t<div class=\"e-con-inner\">\n\t\t\t\t<div class=\"elementor-element elementor-element-171783c elementor-widget elementor-widget-text-editor\" data-id=\"171783c\" data-element_type=\"widget\" data-widget_type=\"text-editor.default\">\n\t\t\t\t<div class=\"elementor-widget-container\">\n\t\t\t<style>\/*! elementor - v3.21.0 - 26-05-2024 *\/\n.elementor-widget-text-editor.elementor-drop-cap-view-stacked .elementor-drop-cap{background-color:#69727d;color:#fff}.elementor-widget-text-editor.elementor-drop-cap-view-framed .elementor-drop-cap{color:#69727d;border:3px solid;background-color:transparent}.elementor-widget-text-editor:not(.elementor-drop-cap-view-default) .elementor-drop-cap{margin-top:8px}.elementor-widget-text-editor:not(.elementor-drop-cap-view-default) .elementor-drop-cap-letter{width:1em;height:1em}.elementor-widget-text-editor .elementor-drop-cap{float:left;text-align:center;line-height:1;font-size:50px}.elementor-widget-text-editor .elementor-drop-cap-letter{display:inline-block}<\/style>\t\t\t\t<div class=\"markdown markdown-main-panel ui-v2-enabled\" dir=\"ltr\"><p data-sourcepos=\"3:1-3:324\"><strong>Chez [Nom du site], nous sommes conscients de l&#8217;importance de la confidentialit\u00e9 de vos donn\u00e9es personnelles.<\/strong> C&#8217;est pourquoi nous nous engageons \u00e0 les prot\u00e9ger et \u00e0 les utiliser de mani\u00e8re responsable, en accord avec le R\u00e8glement G\u00e9n\u00e9ral sur la Protection des Donn\u00e9es (RGPD) et la loi fran\u00e7aise Informatique et Libert\u00e9s.<\/p><p data-sourcepos=\"5:1-5:226\"><strong>Cette politique de confidentialit\u00e9 a pour objectif de vous informer sur les donn\u00e9es que nous collectons, les raisons pour lesquelles nous les utilisons, et les choix dont vous disposez concernant la gestion de vos donn\u00e9es.<\/strong><\/p><h4 data-sourcepos=\"7:1-7:53\">1. Quelles donn\u00e9es personnelles collectons-nous ?<\/h4><ul data-sourcepos=\"9:1-15:0\"><li data-sourcepos=\"9:1-12:30\"><strong>Informations que vous nous fournissez :<\/strong><ul data-sourcepos=\"10:5-12:30\"><li data-sourcepos=\"10:5-10:70\">Nom, pr\u00e9nom, adresse email, num\u00e9ro de t\u00e9l\u00e9phone, adresse postale<\/li><li data-sourcepos=\"11:5-11:114\">Informations relatives \u00e0 votre situation et vos besoins : \u00e2ge, niveau d&#8217;autonomie, type de services demand\u00e9s<\/li><li data-sourcepos=\"12:5-12:30\">Informations de paiement<\/li><\/ul><\/li><li data-sourcepos=\"13:1-15:0\"><strong>Informations collect\u00e9es automatiquement :<\/strong><ul data-sourcepos=\"14:5-15:0\"><li data-sourcepos=\"14:5-15:0\">Adresse IP, type de navigateur et syst\u00e8me d&#8217;exploitation utilis\u00e9s, pages visit\u00e9es sur notre site<\/li><\/ul><\/li><\/ul><h4 data-sourcepos=\"16:1-16:56\">2. Comment utilisons-nous vos donn\u00e9es personnelles ?<\/h4><ul data-sourcepos=\"18:1-30:0\"><li data-sourcepos=\"18:1-20:71\"><strong>Pour vous fournir les services que vous avez demand\u00e9s :<\/strong><ul data-sourcepos=\"19:5-20:71\"><li data-sourcepos=\"19:5-19:59\">Aide au repas, aide \u00e0 la cuisine, garde de nuit, etc.<\/li><li data-sourcepos=\"20:5-20:71\">Suivi de votre situation et adaptation des services \u00e0 vos besoins<\/li><\/ul><\/li><li data-sourcepos=\"21:1-23:40\"><strong>Pour am\u00e9liorer nos services :<\/strong><ul data-sourcepos=\"22:5-23:40\"><li data-sourcepos=\"22:5-22:78\">Analyse des donn\u00e9es collect\u00e9es pour identifier les points d&#8217;am\u00e9lioration<\/li><li data-sourcepos=\"23:5-23:40\">D\u00e9veloppement de nouveaux services<\/li><\/ul><\/li><li data-sourcepos=\"24:1-26:46\"><strong>Pour vous contacter :<\/strong><ul data-sourcepos=\"25:5-26:46\"><li data-sourcepos=\"25:5-25:51\">Vous informer des changements de nos services<\/li><li data-sourcepos=\"26:5-26:46\">Vous proposer des offres promotionnelles<\/li><\/ul><\/li><li data-sourcepos=\"27:1-30:0\"><strong>A des fins statistiques et de recherche :<\/strong><ul data-sourcepos=\"28:5-30:0\"><li data-sourcepos=\"28:5-28:43\">\u00c9tude des besoins des personnes \u00e2g\u00e9es<\/li><li data-sourcepos=\"29:5-30:0\">Am\u00e9lioration de la connaissance du secteur de l&#8217;aide \u00e0 domicile<\/li><\/ul><\/li><\/ul><h4 data-sourcepos=\"31:1-31:47\">3. Qui a acc\u00e8s \u00e0 vos donn\u00e9es personnelles ?<\/h4><ul data-sourcepos=\"33:1-36:0\"><li data-sourcepos=\"33:1-33:103\"><strong>Nos employ\u00e9s habilit\u00e9s<\/strong> \u00e0 traiter vos donn\u00e9es pour les besoins des services que vous avez demand\u00e9s<\/li><li data-sourcepos=\"34:1-34:138\"><strong>Nos prestataires de services<\/strong> qui nous aident \u00e0 fournir nos services, tels que les h\u00e9bergeurs de donn\u00e9es et les soci\u00e9t\u00e9s de marketing<\/li><li data-sourcepos=\"35:1-36:0\"><strong>Les autorit\u00e9s l\u00e9gales<\/strong> si la loi nous l&#8217;impose<\/li><\/ul><h4 data-sourcepos=\"37:1-37:72\">4. Combien de temps conservons-nous vos <span class=\"citation-0\">donn\u00e9es personnelles ?<\/span><\/h4><ul data-sourcepos=\"39:1-41:0\"><li data-sourcepos=\"39:1-39:167\"><strong><span class=\"citation-0 citation-1 citation-end-0\">Vos donn\u00e9es personnelles sont conserv\u00e9es pendant la dur\u00e9e n\u00e9cessaire \u00e0 la r\u00e9alisation des finalit\u00e9s<\/span><span class=\"citation-1\"> pour lesquelles elles ont \u00e9t\u00e9 collect\u00e9es.<\/span><\/strong><\/li><li data-sourcepos=\"40:1-41:0\"><strong>Elles peuvent ensuite \u00eatre archiv\u00e9es pendant une dur\u00e9e maximale de 3 ans \u00e0 des fins probatoires ou statistiques.<\/strong><\/li><\/ul><h4 data-sourcepos=\"42:1-42:66\">5. Quels sont vos droits concernant vos donn\u00e9es personnelles ?<\/h4><ul data-sourcepos=\"44:1-50:0\"><li data-sourcepos=\"44:1-44:150\"><strong>Droit d&#8217;acc\u00e8s :<\/strong> Vous avez le droit d&#8217;acc\u00e9der \u00e0 vos donn\u00e9es personnelles et de recevoir des informations sur la mani\u00e8re dont elles sont trait\u00e9es.<\/li><li data-sourcepos=\"45:1-45:133\"><strong>Droit de rectification :<\/strong> Vous pouvez demander la correction de vos donn\u00e9es personnelles si elles sont inexactes ou incompl\u00e8tes.<\/li><li data-sourcepos=\"46:1-46:219\"><strong>Droit d&#8217;effacement :<\/strong> Vous pouvez demander l&#8217;effacement de vos donn\u00e9es personnelles dans certains cas, par exemple si elles ne sont plus n\u00e9cessaires au regard des finalit\u00e9s pour lesquelles elles ont \u00e9t\u00e9 collect\u00e9es.<\/li><li data-sourcepos=\"47:1-47:197\"><strong>Droit de <span class=\"citation-2\">limitation du traitement :<\/span><\/strong><span class=\"citation-2 citation-end-2\"> Vous pouvez demander la limitation du traitement de vos donn\u00e9es personnelles dans certains cas,<\/span> par exemple si vous contestez leur exactitude.<\/li><li data-sourcepos=\"48:1-48:162\"><strong><span class=\"citation-3\">Droit d&#8217;opposition :<\/span><\/strong><span class=\"citation-3 citation-end-3\"> Vous pouvez vous opposer au traitement de vos donn\u00e9es personnelles pour des raisons tenant \u00e0 votre situation<\/span> particuli\u00e8re.<\/li><li data-sourcepos=\"49:1-50:0\"><strong><span class=\"citation-4\">Droit \u00e0 la portabilit\u00e9 :<\/span><\/strong><span class=\"citation-4\"> Vous avez le droit de recevoir vos donn\u00e9es personnelles <\/span><span class=\"citation-4 citation-5 citation-end-4\">dans un format structur\u00e9, couramment utilis\u00e9<\/span><span class=\"citation-5 citation-end-5\"> et lisible par machine, et de les transmettre \u00e0 un autre responsable du traitement.<\/span><\/li><\/ul><h4 data-sourcepos=\"51:1-51:35\">6. Comment exercer vos droits ?<\/h4><ul data-sourcepos=\"53:1-54:0\"><li data-sourcepos=\"53:1-54:0\">Vous pouvez exercer vos droits en contactant notre D\u00e9l\u00e9gu\u00e9 \u00e0 la Protection des Donn\u00e9es par email \u00e0 l&#8217;adresse [email du DPO] ou par courrier \u00e0 l&#8217;adresse suivante :<\/li><\/ul><p data-sourcepos=\"55:1-56:21\"><strong>[Nom du site]<\/strong> <strong>[Adresse du site]<\/strong><\/p><h4 data-sourcepos=\"58:1-58:49\">7. S\u00e9curit\u00e9 de <span class=\"citation-6\">vos donn\u00e9es personnelles<\/span><\/h4><p data-sourcepos=\"60:1-60:277\"><strong><span class=\"citation-6\">Nous mettons en \u0153uvre des mesures de s\u00e9curit\u00e9 techniques et organisationnelles appropri\u00e9es <\/span><span class=\"citation-6 citation-7 citation-end-6\">pour prot\u00e9ger<\/span><span class=\"citation-7 citation-end-7\"> vos donn\u00e9es personnelles contre la perte, le vol, l&#8217;utilisation abusive, l&#8217;acc\u00e8s non autoris\u00e9, la divulgation,<\/span> l&#8217;alt\u00e9ration <span class=\"citation-8\">ou la destruction.<\/span><\/strong><\/p><h4 data-sourcepos=\"62:1-62:54\"><span class=\"citation-8\">8. Modification de la politique de confidentialit\u00e9<\/span><\/h4><p data-sourcepos=\"64:1-64:108\"><strong><span class=\"citation-8\">Nous nous r\u00e9servons <\/span><span class=\"citation-8 citation-9 citation-end-8\">le droit de modifier cette politique de confidentialit\u00e9<\/span><span class=\"citation-9\"> \u00e0 tout moment.<\/span><\/strong><\/p><p data-sourcepos=\"66:1-66:117\"><strong><span class=\"citation-9 citation-end-9\">La version la plus r\u00e9cente de la politique de confidentialit\u00e9<\/span> sera toujours disponible sur notre site web.<\/strong><\/p><h4 data-sourcepos=\"68:1-68:14\">9. Contact<\/h4><p data-sourcepos=\"70:1-70:249\"><strong>Si vous avez des questions ou des r\u00e9clamations concernant la confidentialit\u00e9 de vos donn\u00e9es personnelles, vous pouvez contacter notre D\u00e9l\u00e9gu\u00e9 \u00e0 la Protection des Donn\u00e9es par email \u00e0 l&#8217;adresse [email du DPO] ou par courrier \u00e0 l&#8217;adresse suivante :<\/strong><\/p><p data-sourcepos=\"72:1-73:21\"><strong>[Nom du site]<\/strong> <strong>[Adresse du site]<\/strong><\/p><\/div>\t\t\t\t\t\t<\/div>\n\t\t\t\t<\/div>\n\t\t\t\t\t<\/div>\n\t\t\t\t<\/div>\n\t\t\t\t<\/div>\n\t\t","protected":false},"excerpt":{"rendered":"<p>Accueil Confidentialit\u00e9 Chez [Nom du site], nous sommes conscients de l&#8217;importance de la confidentialit\u00e9 de vos donn\u00e9es personnelles. C&#8217;est pourquoi nous nous engageons \u00e0 les prot\u00e9ger et \u00e0 les utiliser de mani\u00e8re responsable, en accord avec le R\u00e8glement G\u00e9n\u00e9ral sur la Protection des Donn\u00e9es (RGPD) et la loi fran\u00e7aise Informatique et Libert\u00e9s. Cette politique de [&hellip;]<\/p>\n","protected":false},"author":1,"featured_media":0,"parent":0,"menu_order":0,"comment_status":"closed","ping_status":"closed","template":"elementor_header_footer","meta":{"footnotes":""},"class_list":["post-886","page","type-page","status-publish","hentry"],"_links":{"self":[{"href":"https:\/\/youcaredom.fr\/index.php\/wp-json\/wp\/v2\/pages\/886","targetHints":{"allow":["GET"]}}],"collection":[{"href":"https:\/\/youcaredom.fr\/index.php\/wp-json\/wp\/v2\/pages"}],"about":[{"href":"https:\/\/youcaredom.fr\/index.php\/wp-json\/wp\/v2\/types\/page"}],"author":[{"embeddable":true,"href":"https:\/\/youcaredom.fr\/index.php\/wp-json\/wp\/v2\/users\/1"}],"replies":[{"embeddable":true,"href":"https:\/\/youcaredom.fr\/index.php\/wp-json\/wp\/v2\/comments?post=886"}],"version-history":[{"count":10,"href":"https:\/\/youcaredom.fr\/index.php\/wp-json\/wp\/v2\/pages\/886\/revisions"}],"predecessor-version":[{"id":912,"href":"https:\/\/youcaredom.fr\/index.php\/wp-json\/wp\/v2\/pages\/886\/revisions\/912"}],"wp:attachment":[{"href":"https:\/\/youcaredom.fr\/index.php\/wp-json\/wp\/v2\/media?parent=886"}],"curies":[{"name":"wp","href":"https:\/\/api.w.org\/{rel}","templated":true}]}}