{"id":1911,"date":"2024-05-27T13:00:58","date_gmt":"2024-05-27T11:00:58","guid":{"rendered":"https:\/\/youcaredom.fr\/?page_id=1911"},"modified":"2024-05-27T13:32:07","modified_gmt":"2024-05-27T11:32:07","slug":"blog-2","status":"publish","type":"page","link":"https:\/\/youcaredom.fr\/index.php\/blog-2\/","title":{"rendered":"Blog 2"},"content":{"rendered":"\t\t<div data-elementor-type=\"wp-page\" data-elementor-id=\"1911\" class=\"elementor elementor-1911\" data-elementor-post-type=\"page\">\n\t\t\t\t<div class=\"elementor-element elementor-element-6b4fd05 e-flex e-con-boxed e-con e-parent\" data-id=\"6b4fd05\" data-element_type=\"container\" data-settings=\"{&quot;background_background&quot;:&quot;classic&quot;,&quot;_ha_eqh_enable&quot;:false}\">\n\t\t\t\t\t<div class=\"e-con-inner\">\n\t\t\t\t<div class=\"elementor-element elementor-element-8776108 elementor-widget elementor-widget-heading\" data-id=\"8776108\" data-element_type=\"widget\" data-widget_type=\"heading.default\">\n\t\t\t\t<div class=\"elementor-widget-container\">\n\t\t\t<style>\/*! elementor - v3.21.0 - 26-05-2024 *\/\n.elementor-heading-title{padding:0;margin:0;line-height:1}.elementor-widget-heading .elementor-heading-title[class*=elementor-size-]>a{color:inherit;font-size:inherit;line-height:inherit}.elementor-widget-heading .elementor-heading-title.elementor-size-small{font-size:15px}.elementor-widget-heading .elementor-heading-title.elementor-size-medium{font-size:19px}.elementor-widget-heading .elementor-heading-title.elementor-size-large{font-size:29px}.elementor-widget-heading .elementor-heading-title.elementor-size-xl{font-size:39px}.elementor-widget-heading .elementor-heading-title.elementor-size-xxl{font-size:59px}<\/style><h2 class=\"elementor-heading-title elementor-size-default\">Nos articles de Blog<\/h2>\t\t<\/div>\n\t\t\t\t<\/div>\n\t\t\t\t<div class=\"elementor-element elementor-element-406ae75 elementor-widget elementor-widget-text-editor\" data-id=\"406ae75\" data-element_type=\"widget\" data-widget_type=\"text-editor.default\">\n\t\t\t\t<div class=\"elementor-widget-container\">\n\t\t\t<style>\/*! elementor - v3.21.0 - 26-05-2024 *\/\n.elementor-widget-text-editor.elementor-drop-cap-view-stacked .elementor-drop-cap{background-color:#69727d;color:#fff}.elementor-widget-text-editor.elementor-drop-cap-view-framed .elementor-drop-cap{color:#69727d;border:3px solid;background-color:transparent}.elementor-widget-text-editor:not(.elementor-drop-cap-view-default) .elementor-drop-cap{margin-top:8px}.elementor-widget-text-editor:not(.elementor-drop-cap-view-default) .elementor-drop-cap-letter{width:1em;height:1em}.elementor-widget-text-editor .elementor-drop-cap{float:left;text-align:center;line-height:1;font-size:50px}.elementor-widget-text-editor .elementor-drop-cap-letter{display:inline-block}<\/style>\t\t\t\t<p>Suivez notre fils d&#8217;actualit\u00e9s sur les m\u00e9decines douces<\/p>\t\t\t\t\t\t<\/div>\n\t\t\t\t<\/div>\n\t\t\t\t\t<\/div>\n\t\t\t\t<\/div>\n\t\t<div class=\"elementor-element elementor-element-dd7523f e-con-full e-flex e-con e-parent\" data-id=\"dd7523f\" data-element_type=\"container\" data-settings=\"{&quot;background_background&quot;:&quot;classic&quot;,&quot;_ha_eqh_enable&quot;:false}\">\n\t\t\t\t<div class=\"elementor-element elementor-element-2055634 elementor-absolute elementor-widget elementor-widget-image\" data-id=\"2055634\" data-element_type=\"widget\" data-settings=\"{&quot;_position&quot;:&quot;absolute&quot;}\" data-widget_type=\"image.default\">\n\t\t\t\t<div class=\"elementor-widget-container\">\n\t\t\t<style>\/*! elementor - v3.21.0 - 26-05-2024 *\/\n.elementor-widget-image{text-align:center}.elementor-widget-image a{display:inline-block}.elementor-widget-image a img[src$=\".svg\"]{width:48px}.elementor-widget-image img{vertical-align:middle;display:inline-block}<\/style>\t\t\t\t\t\t\t\t\t\t<img decoding=\"async\" width=\"101\" height=\"136\" src=\"https:\/\/youcaredom.fr\/wp-content\/uploads\/2024\/05\/Vector-3.png\" class=\"attachment-large size-large wp-image-1922\" alt=\"\" \/>\t\t\t\t\t\t\t\t\t\t\t\t\t<\/div>\n\t\t\t\t<\/div>\n\t\t<div class=\"elementor-element elementor-element-e6a5963 e-con-full e-flex e-con e-child\" data-id=\"e6a5963\" data-element_type=\"container\" data-settings=\"{&quot;_ha_eqh_enable&quot;:false}\">\n\t\t<div class=\"elementor-element elementor-element-1dedcfb e-con-full e-flex e-con e-child\" data-id=\"1dedcfb\" data-element_type=\"container\" data-settings=\"{&quot;_ha_eqh_enable&quot;:false}\">\n\t\t\t\t<div class=\"elementor-element elementor-element-9123a4d elementor-grid-eael-col-2 elementor-grid-tablet-eael-col-2 elementor-grid-mobile-eael-col-1 elementor-widget elementor-widget-eael-post-grid\" data-id=\"9123a4d\" data-element_type=\"widget\" data-settings=\"{&quot;eael_post_grid_columns&quot;:&quot;eael-col-2&quot;,&quot;eael_post_grid_columns_tablet&quot;:&quot;eael-col-2&quot;,&quot;eael_post_grid_columns_mobile&quot;:&quot;eael-col-1&quot;}\" data-widget_type=\"eael-post-grid.default\">\n\t\t\t\t<div class=\"elementor-widget-container\">\n\t\t\t<div id=\"eael-post-grid-9123a4d\" class=\"eael-post-grid-container\">\n            <div class=\"eael-post-grid eael-post-appender eael-post-appender-9123a4d eael-post-grid-style-default\" data-layout-mode=\"grid\"><article class=\"eael-grid-post eael-post-grid-column\" data-id=\"1898\">\n        <div class=\"eael-grid-post-holder\">\n            <div class=\"eael-grid-post-holder-inner\"><div class=\"eael-entry-media\"><ul class=\"post-carousel-categories\"><li><a href=\"https:\/\/youcaredom.fr\/index.php\/category\/services-a-domicile\/\">Services \u00e0 domicile<\/a><\/li><\/ul><div class=\"eael-entry-overlay fade-in\"><i class=\"fas fa-long-arrow-alt-right\" aria-hidden=\"true\"><\/i><a href=\"https:\/\/youcaredom.fr\/index.php\/2024\/05\/27\/garde-de-nuit-a-paris\/\"><\/a><\/div><div class=\"eael-entry-thumbnail \">\n                <img fetchpriority=\"high\" decoding=\"async\" width=\"300\" height=\"200\" src=\"https:\/\/youcaredom.fr\/wp-content\/uploads\/2024\/05\/bg-2-300x200.jpg\" class=\"attachment-medium size-medium wp-image-1674\" alt=\"\" srcset=\"https:\/\/youcaredom.fr\/wp-content\/uploads\/2024\/05\/bg-2-300x200.jpg 300w, https:\/\/youcaredom.fr\/wp-content\/uploads\/2024\/05\/bg-2-1024x682.jpg 1024w, https:\/\/youcaredom.fr\/wp-content\/uploads\/2024\/05\/bg-2-768x512.jpg 768w, https:\/\/youcaredom.fr\/wp-content\/uploads\/2024\/05\/bg-2-1536x1024.jpg 1536w, https:\/\/youcaredom.fr\/wp-content\/uploads\/2024\/05\/bg-2.jpg 2000w\" sizes=\"(max-width: 300px) 100vw, 300px\" \/>\n            <\/div>\n        <\/div><div class=\"eael-entry-wrapper\"><header class=\"eael-entry-header\"><h2 class=\"eael-entry-title\"><a\n                        class=\"eael-grid-post-link\"\n                        href=\"https:\/\/youcaredom.fr\/index.php\/2024\/05\/27\/garde-de-nuit-a-paris\/\"\n                        title=\"Garde de nuit \u00e0 Paris\">Garde de nuit \u00e0 Paris<\/a><\/h2><\/header><div class=\"eael-entry-header-after\"><div class=\"eael-entry-meta\"><\/div><\/div><div class=\"eael-entry-content\">\n                        <div class=\"eael-grid-post-excerpt\"><p>Depuis Mamie-Boom, je vois ma maman avec le sourire, qui red\u00e9couvre la joie de vivre...<\/p><a\n                            href=\"https:\/\/youcaredom.fr\/index.php\/2024\/05\/27\/garde-de-nuit-a-paris\/\"\n                            class=\"eael-post-elements-readmore-btn\">En savoir plus<\/a><\/div>\n                    <\/div><\/div><\/div>\n        <\/div>\n    <\/article><article class=\"eael-grid-post eael-post-grid-column\" data-id=\"405\">\n        <div class=\"eael-grid-post-holder\">\n            <div class=\"eael-grid-post-holder-inner\"><div class=\"eael-entry-media\"><ul class=\"post-carousel-categories\"><li><a href=\"https:\/\/youcaredom.fr\/index.php\/category\/aide-a-la-cuisine\/\">Aide \u00e0 la cuisine<\/a><\/li><\/ul><div class=\"eael-entry-overlay fade-in\"><i class=\"fas fa-long-arrow-alt-right\" aria-hidden=\"true\"><\/i><a href=\"https:\/\/youcaredom.fr\/index.php\/2024\/02\/26\/aide-a-la-cuisine-pour-les-personnes-agees-et-en-difficulte\/\"><\/a><\/div><div class=\"eael-entry-thumbnail \">\n                <img decoding=\"async\" width=\"300\" height=\"241\" src=\"https:\/\/youcaredom.fr\/wp-content\/uploads\/2024\/02\/Rectangle-193-7-300x241.png\" class=\"attachment-medium size-medium wp-image-395\" alt=\"\" srcset=\"https:\/\/youcaredom.fr\/wp-content\/uploads\/2024\/02\/Rectangle-193-7-300x241.png 300w, https:\/\/youcaredom.fr\/wp-content\/uploads\/2024\/02\/Rectangle-193-7.png 357w\" sizes=\"(max-width: 300px) 100vw, 300px\" \/>\n            <\/div>\n        <\/div><div class=\"eael-entry-wrapper\"><header class=\"eael-entry-header\"><h2 class=\"eael-entry-title\"><a\n                        class=\"eael-grid-post-link\"\n                        href=\"https:\/\/youcaredom.fr\/index.php\/2024\/02\/26\/aide-a-la-cuisine-pour-les-personnes-agees-et-en-difficulte\/\"\n                        title=\"Aide \u00e0 la cuisine\">Aide \u00e0 la cuisine<\/a><\/h2><\/header><div class=\"eael-entry-header-after\"><div class=\"eael-entry-meta\"><\/div><\/div><div class=\"eael-entry-content\">\n                        <div class=\"eael-grid-post-excerpt\"><p>Je suis tr\u00e8s content de Laura. Elle m\u2019apporte de la compagnie quotidiennement mais surtout beaucoup...<\/p><a\n                            href=\"https:\/\/youcaredom.fr\/index.php\/2024\/02\/26\/aide-a-la-cuisine-pour-les-personnes-agees-et-en-difficulte\/\"\n                            class=\"eael-post-elements-readmore-btn\">En savoir plus<\/a><\/div>\n                    <\/div><\/div><\/div>\n        <\/div>\n    <\/article><article class=\"eael-grid-post eael-post-grid-column\" data-id=\"390\">\n        <div class=\"eael-grid-post-holder\">\n            <div class=\"eael-grid-post-holder-inner\"><div class=\"eael-entry-media\"><ul class=\"post-carousel-categories\"><li><a href=\"https:\/\/youcaredom.fr\/index.php\/category\/services-a-domicile\/\">Services \u00e0 domicile<\/a><\/li><\/ul><div class=\"eael-entry-overlay fade-in\"><i class=\"fas fa-long-arrow-alt-right\" aria-hidden=\"true\"><\/i><a href=\"https:\/\/youcaredom.fr\/index.php\/2024\/02\/26\/aide-au-repas-un-soutien-precieux-pour-les-personnes-en-difficulte-3\/\"><\/a><\/div><div class=\"eael-entry-thumbnail \">\n                <img loading=\"lazy\" decoding=\"async\" width=\"300\" height=\"224\" src=\"https:\/\/youcaredom.fr\/wp-content\/uploads\/2024\/02\/a-view-of-a-mountain-range-with-wildflowers-and-mountains-in-the-background-3-scaled.jpg\" class=\"attachment-medium size-medium wp-image-389\" alt=\"a view of a mountain range with wildflowers and mountains in the background\" \/>\n            <\/div>\n        <\/div><div class=\"eael-entry-wrapper\"><header class=\"eael-entry-header\"><h2 class=\"eael-entry-title\"><a\n                        class=\"eael-grid-post-link\"\n                        href=\"https:\/\/youcaredom.fr\/index.php\/2024\/02\/26\/aide-au-repas-un-soutien-precieux-pour-les-personnes-en-difficulte-3\/\"\n                        title=\"Aide au repas\">Aide au repas<\/a><\/h2><\/header><div class=\"eael-entry-header-after\"><div class=\"eael-entry-meta\"><\/div><\/div><div class=\"eael-entry-content\">\n                        <div class=\"eael-grid-post-excerpt\"><p>Il n&#8217;y a rien de plus pr\u00e9cieux que de se sentir entour\u00e9 et soutenu, surtout...<\/p><a\n                            href=\"https:\/\/youcaredom.fr\/index.php\/2024\/02\/26\/aide-au-repas-un-soutien-precieux-pour-les-personnes-en-difficulte-3\/\"\n                            class=\"eael-post-elements-readmore-btn\">En savoir plus<\/a><\/div>\n                    <\/div><\/div><\/div>\n        <\/div>\n    <\/article><article class=\"eael-grid-post eael-post-grid-column\" data-id=\"322\">\n        <div class=\"eael-grid-post-holder\">\n            <div class=\"eael-grid-post-holder-inner\"><div class=\"eael-entry-media\"><ul class=\"post-carousel-categories\"><li><a href=\"https:\/\/youcaredom.fr\/index.php\/category\/services-a-domicile\/\">Services \u00e0 domicile<\/a><\/li><\/ul><div class=\"eael-entry-overlay fade-in\"><i class=\"fas fa-long-arrow-alt-right\" aria-hidden=\"true\"><\/i><a href=\"https:\/\/youcaredom.fr\/index.php\/2024\/02\/26\/convivialite-retrouver-la-joie-de-vivre-grace-a-la-garde-de-nuit-et-a-laide-a-domicile\/\"><\/a><\/div><div class=\"eael-entry-thumbnail \">\n                <img loading=\"lazy\" decoding=\"async\" width=\"300\" height=\"241\" src=\"https:\/\/youcaredom.fr\/wp-content\/uploads\/2024\/02\/Rectangle-193-5-300x241.png\" class=\"attachment-medium size-medium wp-image-397\" alt=\"\" srcset=\"https:\/\/youcaredom.fr\/wp-content\/uploads\/2024\/02\/Rectangle-193-5-300x241.png 300w, https:\/\/youcaredom.fr\/wp-content\/uploads\/2024\/02\/Rectangle-193-5.png 357w\" sizes=\"(max-width: 300px) 100vw, 300px\" \/>\n            <\/div>\n        <\/div><div class=\"eael-entry-wrapper\"><header class=\"eael-entry-header\"><h2 class=\"eael-entry-title\"><a\n                        class=\"eael-grid-post-link\"\n                        href=\"https:\/\/youcaredom.fr\/index.php\/2024\/02\/26\/convivialite-retrouver-la-joie-de-vivre-grace-a-la-garde-de-nuit-et-a-laide-a-domicile\/\"\n                        title=\"Convivialit\u00e9\">Convivialit\u00e9<\/a><\/h2><\/header><div class=\"eael-entry-header-after\"><div class=\"eael-entry-meta\"><\/div><\/div><div class=\"eael-entry-content\">\n                        <div class=\"eael-grid-post-excerpt\"><p>Depuis Mamie-Boom, je vois ma maman avec le sourire, qui red\u00e9couvre la joie de vivre...<\/p><a\n                            href=\"https:\/\/youcaredom.fr\/index.php\/2024\/02\/26\/convivialite-retrouver-la-joie-de-vivre-grace-a-la-garde-de-nuit-et-a-laide-a-domicile\/\"\n                            class=\"eael-post-elements-readmore-btn\">En savoir plus<\/a><\/div>\n                    <\/div><\/div><\/div>\n        <\/div>\n    <\/article><\/div>\n            <div class=\"clearfix\"><\/div>\n        <\/div>\t\t<\/div>\n\t\t\t\t<\/div>\n\t\t\t\t<\/div>\n\t\t<div class=\"elementor-element elementor-element-d9f9c8a e-con-full e-flex e-con e-child\" data-id=\"d9f9c8a\" data-element_type=\"container\" data-settings=\"{&quot;_ha_eqh_enable&quot;:false}\">\n\t\t\t\t<div class=\"elementor-element elementor-element-d2715d3 elementor-search-form--skin-classic elementor-search-form--button-type-icon elementor-search-form--icon-search elementor-widget elementor-widget-search-form\" data-id=\"d2715d3\" data-element_type=\"widget\" data-settings=\"{&quot;skin&quot;:&quot;classic&quot;}\" data-widget_type=\"search-form.default\">\n\t\t\t\t<div class=\"elementor-widget-container\">\n\t\t\t<link rel=\"stylesheet\" href=\"https:\/\/youcaredom.fr\/wp-content\/plugins\/elementor-pro\/assets\/css\/widget-theme-elements.min.css\">\t\t<form class=\"elementor-search-form\" action=\"https:\/\/youcaredom.fr\" method=\"get\" role=\"search\">\n\t\t\t\t\t\t\t\t\t<div class=\"elementor-search-form__container\">\n\t\t\t\t<label class=\"elementor-screen-only\" for=\"elementor-search-form-d2715d3\">Search<\/label>\n\n\t\t\t\t\n\t\t\t\t<input id=\"elementor-search-form-d2715d3\" placeholder=\"Chercher ici...\" class=\"elementor-search-form__input\" type=\"search\" name=\"s\" value=\"\">\n\t\t\t\t\n\t\t\t\t\t\t\t\t\t<button class=\"elementor-search-form__submit\" type=\"submit\" aria-label=\"Search\">\n\t\t\t\t\t\t\t\t\t\t\t\t\t<div class=\"e-font-icon-svg-container\"><svg class=\"fa fa-search e-font-icon-svg e-fas-search\" viewBox=\"0 0 512 512\" xmlns=\"http:\/\/www.w3.org\/2000\/svg\"><path d=\"M505 442.7L405.3 343c-4.5-4.5-10.6-7-17-7H372c27.6-35.3 44-79.7 44-128C416 93.1 322.9 0 208 0S0 93.1 0 208s93.1 208 208 208c48.3 0 92.7-16.4 128-44v16.3c0 6.4 2.5 12.5 7 17l99.7 99.7c9.4 9.4 24.6 9.4 33.9 0l28.3-28.3c9.4-9.4 9.4-24.6.1-34zM208 336c-70.7 0-128-57.2-128-128 0-70.7 57.2-128 128-128 70.7 0 128 57.2 128 128 0 70.7-57.2 128-128 128z\"><\/path><\/svg><\/div>\t\t\t\t\t\t\t<span class=\"elementor-screen-only\">Search<\/span>\n\t\t\t\t\t\t\t\t\t\t\t<\/button>\n\t\t\t\t\n\t\t\t\t\t\t\t<\/div>\n\t\t<\/form>\n\t\t\t\t<\/div>\n\t\t\t\t<\/div>\n\t\t<div class=\"elementor-element elementor-element-5f2f50a e-con-full e-flex e-con e-child\" data-id=\"5f2f50a\" data-element_type=\"container\" data-settings=\"{&quot;background_background&quot;:&quot;classic&quot;,&quot;_ha_eqh_enable&quot;:false}\">\n\t\t\t\t<div class=\"elementor-element elementor-element-6047bdd elementor-widget elementor-widget-heading\" data-id=\"6047bdd\" data-element_type=\"widget\" data-widget_type=\"heading.default\">\n\t\t\t\t<div class=\"elementor-widget-container\">\n\t\t\t<h2 class=\"elementor-heading-title elementor-size-default\">Les derniers posts<\/h2>\t\t<\/div>\n\t\t\t\t<\/div>\n\t\t\t\t<div class=\"elementor-element elementor-element-73ef049 elementor-grid-1 elementor-grid-tablet-1 elementor-grid-mobile-1 elementor-widget elementor-widget-loop-grid\" data-id=\"73ef049\" data-element_type=\"widget\" data-settings=\"{&quot;template_id&quot;:2986,&quot;columns&quot;:1,&quot;columns_tablet&quot;:1,&quot;_skin&quot;:&quot;post&quot;,&quot;columns_mobile&quot;:&quot;1&quot;,&quot;edit_handle_selector&quot;:&quot;[data-elementor-type=\\&quot;loop-item\\&quot;]&quot;,&quot;row_gap&quot;:{&quot;unit&quot;:&quot;px&quot;,&quot;size&quot;:&quot;&quot;,&quot;sizes&quot;:[]},&quot;row_gap_tablet&quot;:{&quot;unit&quot;:&quot;px&quot;,&quot;size&quot;:&quot;&quot;,&quot;sizes&quot;:[]},&quot;row_gap_mobile&quot;:{&quot;unit&quot;:&quot;px&quot;,&quot;size&quot;:&quot;&quot;,&quot;sizes&quot;:[]}}\" data-widget_type=\"loop-grid.post\">\n\t\t\t\t<div class=\"elementor-widget-container\">\n\t\t\t<link rel=\"stylesheet\" href=\"https:\/\/youcaredom.fr\/wp-content\/plugins\/elementor-pro\/assets\/css\/widget-loop-builder.min.css\">\t\t<div class=\"elementor-loop-container elementor-grid\">\n\t\t\t\t<\/div>\n\t\t\n\t\t\t\t<\/div>\n\t\t\t\t<\/div>\n\t\t\t\t<\/div>\n\t\t<div class=\"elementor-element elementor-element-3068b24 e-con-full e-flex e-con e-child\" data-id=\"3068b24\" data-element_type=\"container\" data-settings=\"{&quot;background_background&quot;:&quot;classic&quot;,&quot;_ha_eqh_enable&quot;:false}\">\n\t\t\t\t<div class=\"elementor-element elementor-element-819b718 elementor-widget elementor-widget-heading\" data-id=\"819b718\" data-element_type=\"widget\" data-widget_type=\"heading.default\">\n\t\t\t\t<div class=\"elementor-widget-container\">\n\t\t\t<h2 class=\"elementor-heading-title elementor-size-default\">Cat\u00e9gories<\/h2>\t\t<\/div>\n\t\t\t\t<\/div>\n\t\t<div class=\"elementor-element elementor-element-4a5657f e-con-full e-flex e-con e-child\" data-id=\"4a5657f\" data-element_type=\"container\" data-settings=\"{&quot;_ha_eqh_enable&quot;:false}\">\n\t\t\t\t<div class=\"elementor-element elementor-element-a3c5c2d elementor-widget elementor-widget-elementskit-category-list\" data-id=\"a3c5c2d\" data-element_type=\"widget\" data-widget_type=\"elementskit-category-list.default\">\n\t\t\t\t<div class=\"elementor-widget-container\">\n\t\t\t<div class=\"ekit-wid-con\" >\t\t<ul class=\"elementor-icon-list-items\">\n\t\t\t\t\t\t\t<li class=\"elementor-icon-list-item\">\n\t\t\t\t\t<a href=\"https:\/\/youcaredom.fr\/index.php\/category\/services-a-domicile\/\" >\n                                                    <span class=\"elementor-icon-list-icon\">\n\t\t\t\t\t\t\t\t<svg aria-hidden=\"true\" class=\"e-font-icon-svg e-fas-dot-circle\" viewBox=\"0 0 512 512\" xmlns=\"http:\/\/www.w3.org\/2000\/svg\"><path d=\"M256 8C119.033 8 8 119.033 8 256s111.033 248 248 248 248-111.033 248-248S392.967 8 256 8zm80 248c0 44.112-35.888 80-80 80s-80-35.888-80-80 35.888-80 80-80 80 35.888 80 80z\"><\/path><\/svg>                            <\/span>\n                                                <span class=\"elementor-icon-list-text\">Services \u00e0 domicile<\/span>\n\t\t\t\t\t<\/a>\n\n\t\t\t\t<\/li>\n\t\t\t\t\t\t\t\t<li class=\"elementor-icon-list-item\">\n\t\t\t\t\t<a href=\"https:\/\/youcaredom.fr\/index.php\/category\/aide-a-la-cuisine\/\" >\n                                                    <span class=\"elementor-icon-list-icon\">\n\t\t\t\t\t\t\t\t<svg aria-hidden=\"true\" class=\"e-font-icon-svg e-fas-dot-circle\" viewBox=\"0 0 512 512\" xmlns=\"http:\/\/www.w3.org\/2000\/svg\"><path d=\"M256 8C119.033 8 8 119.033 8 256s111.033 248 248 248 248-111.033 248-248S392.967 8 256 8zm80 248c0 44.112-35.888 80-80 80s-80-35.888-80-80 35.888-80 80-80 80 35.888 80 80z\"><\/path><\/svg>                            <\/span>\n                                                <span class=\"elementor-icon-list-text\">Aide \u00e0 la cuisine<\/span>\n\t\t\t\t\t<\/a>\n\n\t\t\t\t<\/li>\n\t\t\t\t\t\t<\/ul>\n\t\t<\/div>\t\t<\/div>\n\t\t\t\t<\/div>\n\t\t\t\t<\/div>\n\t\t\t\t<\/div>\n\t\t\t\t<div class=\"elementor-element elementor-element-31d965b content-align-cta-default elementor-widget elementor-widget-eael-cta-box\" data-id=\"31d965b\" data-element_type=\"widget\" data-widget_type=\"eael-cta-box.default\">\n\t\t\t\t<div class=\"elementor-widget-container\">\n\t\t\t\t\t<div class=\"eael-call-to-action cta-basic bg-lite cta-preset-1\">\n        <h2 class=\"title\">Comment pouvons-nous vous aider ?<\/h2><p>Contacter nous par t\u00e9l\u00e9phone ou soumetter nous votre demande de renseignements en ligne.<\/p><a class=\"cta-button  \">Contacter nous<\/a>\t<\/div>\n\t\t\t\t\t\t<\/div>\n\t\t\t\t<\/div>\n\t\t\t\t<\/div>\n\t\t\t\t<\/div>\n\t\t\t\t<\/div>\n\t\t\t\t<\/div>\n\t\t","protected":false},"excerpt":{"rendered":"<p>Nos articles de Blog Suivez notre fils d&#8217;actualit\u00e9s sur les m\u00e9decines douces Services \u00e0 domicile Garde de nuit \u00e0 Paris Depuis Mamie-Boom, je vois ma maman avec le sourire, qui red\u00e9couvre la joie de vivre&#8230; En savoir plus Aide \u00e0 la cuisine Aide \u00e0 la cuisine Je suis tr\u00e8s content de Laura. Elle m\u2019apporte de [&hellip;]<\/p>\n","protected":false},"author":1,"featured_media":0,"parent":0,"menu_order":0,"comment_status":"closed","ping_status":"closed","template":"elementor_header_footer","meta":{"footnotes":""},"class_list":["post-1911","page","type-page","status-publish","hentry"],"_links":{"self":[{"href":"https:\/\/youcaredom.fr\/index.php\/wp-json\/wp\/v2\/pages\/1911","targetHints":{"allow":["GET"]}}],"collection":[{"href":"https:\/\/youcaredom.fr\/index.php\/wp-json\/wp\/v2\/pages"}],"about":[{"href":"https:\/\/youcaredom.fr\/index.php\/wp-json\/wp\/v2\/types\/page"}],"author":[{"embeddable":true,"href":"https:\/\/youcaredom.fr\/index.php\/wp-json\/wp\/v2\/users\/1"}],"replies":[{"embeddable":true,"href":"https:\/\/youcaredom.fr\/index.php\/wp-json\/wp\/v2\/comments?post=1911"}],"version-history":[{"count":22,"href":"https:\/\/youcaredom.fr\/index.php\/wp-json\/wp\/v2\/pages\/1911\/revisions"}],"predecessor-version":[{"id":1955,"href":"https:\/\/youcaredom.fr\/index.php\/wp-json\/wp\/v2\/pages\/1911\/revisions\/1955"}],"wp:attachment":[{"href":"https:\/\/youcaredom.fr\/index.php\/wp-json\/wp\/v2\/media?parent=1911"}],"curies":[{"name":"wp","href":"https:\/\/api.w.org\/{rel}","templated":true}]}}