{"id":1817,"date":"2024-05-27T12:10:43","date_gmt":"2024-05-27T10:10:43","guid":{"rendered":"https:\/\/youcaredom.fr\/?page_id=1817"},"modified":"2024-05-27T19:48:43","modified_gmt":"2024-05-27T17:48:43","slug":"services","status":"publish","type":"page","link":"https:\/\/youcaredom.fr\/index.php\/services\/","title":{"rendered":"Services"},"content":{"rendered":"\t\t<div data-elementor-type=\"wp-page\" data-elementor-id=\"1817\" class=\"elementor elementor-1817\" data-elementor-post-type=\"page\">\n\t\t\t\t<div class=\"elementor-element elementor-element-63a32bd e-flex e-con-boxed e-con e-parent\" data-id=\"63a32bd\" data-element_type=\"container\" data-settings=\"{&quot;background_background&quot;:&quot;classic&quot;,&quot;_ha_eqh_enable&quot;:false}\">\n\t\t\t\t\t<div class=\"e-con-inner\">\n\t\t\t\t<div class=\"elementor-element elementor-element-a9d1d26 elementor-widget elementor-widget-heading\" data-id=\"a9d1d26\" data-element_type=\"widget\" data-widget_type=\"heading.default\">\n\t\t\t\t<div class=\"elementor-widget-container\">\n\t\t\t<style>\/*! elementor - v3.21.0 - 26-05-2024 *\/\n.elementor-heading-title{padding:0;margin:0;line-height:1}.elementor-widget-heading .elementor-heading-title[class*=elementor-size-]>a{color:inherit;font-size:inherit;line-height:inherit}.elementor-widget-heading .elementor-heading-title.elementor-size-small{font-size:15px}.elementor-widget-heading .elementor-heading-title.elementor-size-medium{font-size:19px}.elementor-widget-heading .elementor-heading-title.elementor-size-large{font-size:29px}.elementor-widget-heading .elementor-heading-title.elementor-size-xl{font-size:39px}.elementor-widget-heading .elementor-heading-title.elementor-size-xxl{font-size:59px}<\/style><h2 class=\"elementor-heading-title elementor-size-default\">Nos Services <span style=\"color:#27348B\">d'aide \u00e0 domicile <\/span><\/h2>\t\t<\/div>\n\t\t\t\t<\/div>\n\t\t\t\t<div class=\"elementor-element elementor-element-0d3bd91 elementor-widget__width-initial elementor-widget elementor-widget-text-editor\" data-id=\"0d3bd91\" data-element_type=\"widget\" data-widget_type=\"text-editor.default\">\n\t\t\t\t<div class=\"elementor-widget-container\">\n\t\t\t<style>\/*! elementor - v3.21.0 - 26-05-2024 *\/\n.elementor-widget-text-editor.elementor-drop-cap-view-stacked .elementor-drop-cap{background-color:#69727d;color:#fff}.elementor-widget-text-editor.elementor-drop-cap-view-framed .elementor-drop-cap{color:#69727d;border:3px solid;background-color:transparent}.elementor-widget-text-editor:not(.elementor-drop-cap-view-default) .elementor-drop-cap{margin-top:8px}.elementor-widget-text-editor:not(.elementor-drop-cap-view-default) .elementor-drop-cap-letter{width:1em;height:1em}.elementor-widget-text-editor .elementor-drop-cap{float:left;text-align:center;line-height:1;font-size:50px}.elementor-widget-text-editor .elementor-drop-cap-letter{display:inline-block}<\/style>\t\t\t\t<p>D\u00e9couvrez nos services de maintien \u00e0 domicile sur mesure et adapt\u00e9 \u00e0 vos besoins. Un accompagnement garanti 24h\/24 et 7 jours \/7<\/p>\t\t\t\t\t\t<\/div>\n\t\t\t\t<\/div>\n\t\t\t\t\t<\/div>\n\t\t\t\t<\/div>\n\t\t<div class=\"elementor-element elementor-element-0f37712 e-flex e-con-boxed e-con e-parent\" data-id=\"0f37712\" data-element_type=\"container\" data-settings=\"{&quot;_ha_eqh_enable&quot;:false}\">\n\t\t\t\t\t<div class=\"e-con-inner\">\n\t\t<div class=\"elementor-element elementor-element-0a76f05 e-con-full e-flex e-con e-child\" data-id=\"0a76f05\" data-element_type=\"container\" data-settings=\"{&quot;_ha_eqh_enable&quot;:false}\">\n\t\t\t\t<div class=\"elementor-element elementor-element-4aaee29 elementor-widget elementor-widget-heading\" data-id=\"4aaee29\" data-element_type=\"widget\" data-widget_type=\"heading.default\">\n\t\t\t\t<div class=\"elementor-widget-container\">\n\t\t\t<h2 class=\"elementor-heading-title elementor-size-default\">NOS SERVICES<\/h2>\t\t<\/div>\n\t\t\t\t<\/div>\n\t\t\t\t<div class=\"elementor-element elementor-element-54a56fc elementor-widget__width-initial elementor-widget elementor-widget-heading\" data-id=\"54a56fc\" data-element_type=\"widget\" data-widget_type=\"heading.default\">\n\t\t\t\t<div class=\"elementor-widget-container\">\n\t\t\t<h2 class=\"elementor-heading-title elementor-size-default\">D\u00e9couvrez quelques uns de <br> nos services.<\/h2>\t\t<\/div>\n\t\t\t\t<\/div>\n\t\t\t\t<\/div>\n\t\t<div class=\"elementor-element elementor-element-e4a92a7 e-con-full e-flex e-con e-child\" data-id=\"e4a92a7\" data-element_type=\"container\" data-settings=\"{&quot;_ha_eqh_enable&quot;:&quot;yes&quot;,&quot;_ha_eqh_widget&quot;:[&quot;image-box&quot;],&quot;_ha_eqh_to&quot;:&quot;widget&quot;,&quot;_ha_eqh_disable_on_tablet&quot;:&quot;no&quot;,&quot;_ha_eqh_disable_on_mobile&quot;:&quot;yes&quot;}\">\n\t\t<div class=\"elementor-element elementor-element-b073c4e e-con-full e-flex e-con e-child\" data-id=\"b073c4e\" data-element_type=\"container\" data-settings=\"{&quot;background_background&quot;:&quot;classic&quot;,&quot;_ha_eqh_enable&quot;:false}\">\n\t\t\t\t<div class=\"elementor-element elementor-element-4efc32e elementor-position-top elementor-widget elementor-widget-image-box\" data-id=\"4efc32e\" data-element_type=\"widget\" data-widget_type=\"image-box.default\">\n\t\t\t\t<div class=\"elementor-widget-container\">\n\t\t\t<style>\/*! elementor - v3.21.0 - 26-05-2024 *\/\n.elementor-widget-image-box .elementor-image-box-content{width:100%}@media (min-width:768px){.elementor-widget-image-box.elementor-position-left .elementor-image-box-wrapper,.elementor-widget-image-box.elementor-position-right .elementor-image-box-wrapper{display:flex}.elementor-widget-image-box.elementor-position-right .elementor-image-box-wrapper{text-align:end;flex-direction:row-reverse}.elementor-widget-image-box.elementor-position-left .elementor-image-box-wrapper{text-align:start;flex-direction:row}.elementor-widget-image-box.elementor-position-top .elementor-image-box-img{margin:auto}.elementor-widget-image-box.elementor-vertical-align-top .elementor-image-box-wrapper{align-items:flex-start}.elementor-widget-image-box.elementor-vertical-align-middle .elementor-image-box-wrapper{align-items:center}.elementor-widget-image-box.elementor-vertical-align-bottom .elementor-image-box-wrapper{align-items:flex-end}}@media (max-width:767px){.elementor-widget-image-box .elementor-image-box-img{margin-left:auto!important;margin-right:auto!important;margin-bottom:15px}}.elementor-widget-image-box .elementor-image-box-img{display:inline-block}.elementor-widget-image-box .elementor-image-box-title a{color:inherit}.elementor-widget-image-box .elementor-image-box-wrapper{text-align:center}.elementor-widget-image-box .elementor-image-box-description{margin:0}<\/style><div class=\"elementor-image-box-wrapper\"><figure class=\"elementor-image-box-img\"><img fetchpriority=\"high\" decoding=\"async\" width=\"336\" height=\"252\" src=\"https:\/\/youcaredom.fr\/wp-content\/uploads\/2024\/03\/Aide-au-dine-1.png\" class=\"attachment-full size-full wp-image-1487\" alt=\"\" srcset=\"https:\/\/youcaredom.fr\/wp-content\/uploads\/2024\/03\/Aide-au-dine-1.png 336w, https:\/\/youcaredom.fr\/wp-content\/uploads\/2024\/03\/Aide-au-dine-1-300x225.png 300w\" sizes=\"(max-width: 336px) 100vw, 336px\" \/><\/figure><div class=\"elementor-image-box-content\"><h3 class=\"elementor-image-box-title\">Aide alzeimer-parkison<\/h3><p class=\"elementor-image-box-description\">Aide pour vos proches atteints de Parkinson ,Alzheimer, scl\u00e9rose en plaques, cancer.<\/p><\/div><\/div>\t\t<\/div>\n\t\t\t\t<\/div>\n\t\t\t\t<div class=\"elementor-element elementor-element-063451f elementor-align-justify elementor-widget elementor-widget-button\" data-id=\"063451f\" data-element_type=\"widget\" data-widget_type=\"button.default\">\n\t\t\t\t<div class=\"elementor-widget-container\">\n\t\t\t\t\t<div class=\"elementor-button-wrapper\">\n\t\t\t<a class=\"elementor-button elementor-button-link elementor-size-sm\" href=\"https:\/\/youcaredom.fr\/index.php\/aide-alzeimer-parkison\/\">\n\t\t\t\t\t\t<span class=\"elementor-button-content-wrapper\">\n\t\t\t\t\t\t\t\t\t<span class=\"elementor-button-text\">En savoir plus<\/span>\n\t\t\t\t\t<\/span>\n\t\t\t\t\t<\/a>\n\t\t<\/div>\n\t\t\t\t<\/div>\n\t\t\t\t<\/div>\n\t\t\t\t<\/div>\n\t\t<div class=\"elementor-element elementor-element-b1ca077 e-con-full e-flex e-con e-child\" data-id=\"b1ca077\" data-element_type=\"container\" data-settings=\"{&quot;background_background&quot;:&quot;classic&quot;,&quot;_ha_eqh_enable&quot;:false}\">\n\t\t\t\t<div class=\"elementor-element elementor-element-4e42c64 elementor-position-top elementor-widget elementor-widget-image-box\" data-id=\"4e42c64\" data-element_type=\"widget\" data-widget_type=\"image-box.default\">\n\t\t\t\t<div class=\"elementor-widget-container\">\n\t\t\t<div class=\"elementor-image-box-wrapper\"><figure class=\"elementor-image-box-img\"><img decoding=\"async\" width=\"336\" height=\"252\" src=\"https:\/\/youcaredom.fr\/wp-content\/uploads\/2024\/03\/aide-a-domicile.png\" class=\"attachment-full size-full wp-image-1485\" alt=\"\" srcset=\"https:\/\/youcaredom.fr\/wp-content\/uploads\/2024\/03\/aide-a-domicile.png 336w, https:\/\/youcaredom.fr\/wp-content\/uploads\/2024\/03\/aide-a-domicile-300x225.png 300w\" sizes=\"(max-width: 336px) 100vw, 336px\" \/><\/figure><div class=\"elementor-image-box-content\"><h3 class=\"elementor-image-box-title\">Aide \u00e0 l'autonomie<\/h3><p class=\"elementor-image-box-description\">Pr\u00e9sence et de soin \u00e0 domicile pour votre proche \u00e2g\u00e9 ou en situation de handicap.<\/p><\/div><\/div>\t\t<\/div>\n\t\t\t\t<\/div>\n\t\t\t\t<div class=\"elementor-element elementor-element-8ac450e elementor-align-justify elementor-widget elementor-widget-button\" data-id=\"8ac450e\" data-element_type=\"widget\" data-widget_type=\"button.default\">\n\t\t\t\t<div class=\"elementor-widget-container\">\n\t\t\t\t\t<div class=\"elementor-button-wrapper\">\n\t\t\t<a class=\"elementor-button elementor-button-link elementor-size-sm\" href=\"https:\/\/youcaredom.fr\/index.php\/aide-a-lautonomie-geste-du-quotidien\/\">\n\t\t\t\t\t\t<span class=\"elementor-button-content-wrapper\">\n\t\t\t\t\t\t\t\t\t<span class=\"elementor-button-text\">En savoir plus<\/span>\n\t\t\t\t\t<\/span>\n\t\t\t\t\t<\/a>\n\t\t<\/div>\n\t\t\t\t<\/div>\n\t\t\t\t<\/div>\n\t\t\t\t<\/div>\n\t\t<div class=\"elementor-element elementor-element-656531a e-con-full e-flex e-con e-child\" data-id=\"656531a\" data-element_type=\"container\" data-settings=\"{&quot;background_background&quot;:&quot;classic&quot;,&quot;_ha_eqh_enable&quot;:false}\">\n\t\t\t\t<div class=\"elementor-element elementor-element-d76e7aa elementor-position-top elementor-widget elementor-widget-image-box\" data-id=\"d76e7aa\" data-element_type=\"widget\" data-widget_type=\"image-box.default\">\n\t\t\t\t<div class=\"elementor-widget-container\">\n\t\t\t<div class=\"elementor-image-box-wrapper\"><figure class=\"elementor-image-box-img\"><img decoding=\"async\" width=\"336\" height=\"252\" src=\"https:\/\/youcaredom.fr\/wp-content\/uploads\/2024\/03\/Garde-de-nuit-pour-les-personne-agee.png\" class=\"attachment-full size-full wp-image-1484\" alt=\"\" srcset=\"https:\/\/youcaredom.fr\/wp-content\/uploads\/2024\/03\/Garde-de-nuit-pour-les-personne-agee.png 336w, https:\/\/youcaredom.fr\/wp-content\/uploads\/2024\/03\/Garde-de-nuit-pour-les-personne-agee-300x225.png 300w\" sizes=\"(max-width: 336px) 100vw, 336px\" \/><\/figure><div class=\"elementor-image-box-content\"><h3 class=\"elementor-image-box-title\">Pr\u00e9sence de nuit<\/h3><p class=\"elementor-image-box-description\">Il est souvent n\u00e9cessaire de faire appel \u00e0 un(e) auxiliaire de vie qui dormira dans la maison<\/p><\/div><\/div>\t\t<\/div>\n\t\t\t\t<\/div>\n\t\t\t\t<div class=\"elementor-element elementor-element-dcad10d elementor-align-justify elementor-widget elementor-widget-button\" data-id=\"dcad10d\" data-element_type=\"widget\" data-widget_type=\"button.default\">\n\t\t\t\t<div class=\"elementor-widget-container\">\n\t\t\t\t\t<div class=\"elementor-button-wrapper\">\n\t\t\t<a class=\"elementor-button elementor-button-link elementor-size-sm\" href=\"https:\/\/youcaredom.fr\/index.php\/presence-de-nuit\/\">\n\t\t\t\t\t\t<span class=\"elementor-button-content-wrapper\">\n\t\t\t\t\t\t\t\t\t<span class=\"elementor-button-text\">En savoir plus<\/span>\n\t\t\t\t\t<\/span>\n\t\t\t\t\t<\/a>\n\t\t<\/div>\n\t\t\t\t<\/div>\n\t\t\t\t<\/div>\n\t\t\t\t<\/div>\n\t\t<div class=\"elementor-element elementor-element-86a721d e-con-full e-flex e-con e-child\" data-id=\"86a721d\" data-element_type=\"container\" data-settings=\"{&quot;background_background&quot;:&quot;classic&quot;,&quot;_ha_eqh_enable&quot;:false}\">\n\t\t\t\t<div class=\"elementor-element elementor-element-ed1f4d1 elementor-position-top elementor-widget elementor-widget-image-box\" data-id=\"ed1f4d1\" data-element_type=\"widget\" data-widget_type=\"image-box.default\">\n\t\t\t\t<div class=\"elementor-widget-container\">\n\t\t\t<div class=\"elementor-image-box-wrapper\"><figure class=\"elementor-image-box-img\"><img loading=\"lazy\" decoding=\"async\" width=\"345\" height=\"267\" src=\"https:\/\/youcaredom.fr\/wp-content\/uploads\/2024\/05\/Aide-aux-enfants-malades-ou-handicapes-Youdomcare.png\" class=\"attachment-full size-full wp-image-2349\" alt=\"\" srcset=\"https:\/\/youcaredom.fr\/wp-content\/uploads\/2024\/05\/Aide-aux-enfants-malades-ou-handicapes-Youdomcare.png 345w, https:\/\/youcaredom.fr\/wp-content\/uploads\/2024\/05\/Aide-aux-enfants-malades-ou-handicapes-Youdomcare-300x232.png 300w\" sizes=\"(max-width: 345px) 100vw, 345px\" \/><\/figure><div class=\"elementor-image-box-content\"><h3 class=\"elementor-image-box-title\">Aide aux enfants hadicap\u00e9s ou malades<\/h3><p class=\"elementor-image-box-description\">Intervienir \u00e0 domicile pour aider l\u2019enfant malade ou handicap\u00e9 et ses parents<\/p><\/div><\/div>\t\t<\/div>\n\t\t\t\t<\/div>\n\t\t\t\t<div class=\"elementor-element elementor-element-f6ad1f3 elementor-align-justify elementor-widget elementor-widget-button\" data-id=\"f6ad1f3\" data-element_type=\"widget\" data-widget_type=\"button.default\">\n\t\t\t\t<div class=\"elementor-widget-container\">\n\t\t\t\t\t<div class=\"elementor-button-wrapper\">\n\t\t\t<a class=\"elementor-button elementor-button-link elementor-size-sm\" href=\"https:\/\/youcaredom.fr\/index.php\/aide-aux-enfants-handicapes-ou-malades\/\">\n\t\t\t\t\t\t<span class=\"elementor-button-content-wrapper\">\n\t\t\t\t\t\t\t\t\t<span class=\"elementor-button-text\">En savoir plus<\/span>\n\t\t\t\t\t<\/span>\n\t\t\t\t\t<\/a>\n\t\t<\/div>\n\t\t\t\t<\/div>\n\t\t\t\t<\/div>\n\t\t\t\t<\/div>\n\t\t\t\t<\/div>\n\t\t\t\t\t<\/div>\n\t\t\t\t<\/div>\n\t\t\t\t<\/div>\n\t\t","protected":false},"excerpt":{"rendered":"<p>Nos Services d&#8217;aide \u00e0 domicile D\u00e9couvrez nos services de maintien \u00e0 domicile sur mesure et adapt\u00e9 \u00e0 vos besoins. Un accompagnement garanti 24h\/24 et 7 jours \/7 NOS SERVICES D\u00e9couvrez quelques uns de nos services. Aide alzeimer-parkison Aide pour vos proches atteints de Parkinson ,Alzheimer, scl\u00e9rose en plaques, cancer. En savoir plus Aide \u00e0 l&#8217;autonomie [&hellip;]<\/p>\n","protected":false},"author":1,"featured_media":0,"parent":0,"menu_order":0,"comment_status":"closed","ping_status":"closed","template":"","meta":{"footnotes":""},"class_list":["post-1817","page","type-page","status-publish","hentry"],"_links":{"self":[{"href":"https:\/\/youcaredom.fr\/index.php\/wp-json\/wp\/v2\/pages\/1817","targetHints":{"allow":["GET"]}}],"collection":[{"href":"https:\/\/youcaredom.fr\/index.php\/wp-json\/wp\/v2\/pages"}],"about":[{"href":"https:\/\/youcaredom.fr\/index.php\/wp-json\/wp\/v2\/types\/page"}],"author":[{"embeddable":true,"href":"https:\/\/youcaredom.fr\/index.php\/wp-json\/wp\/v2\/users\/1"}],"replies":[{"embeddable":true,"href":"https:\/\/youcaredom.fr\/index.php\/wp-json\/wp\/v2\/comments?post=1817"}],"version-history":[{"count":76,"href":"https:\/\/youcaredom.fr\/index.php\/wp-json\/wp\/v2\/pages\/1817\/revisions"}],"predecessor-version":[{"id":2365,"href":"https:\/\/youcaredom.fr\/index.php\/wp-json\/wp\/v2\/pages\/1817\/revisions\/2365"}],"wp:attachment":[{"href":"https:\/\/youcaredom.fr\/index.php\/wp-json\/wp\/v2\/media?parent=1817"}],"curies":[{"name":"wp","href":"https:\/\/api.w.org\/{rel}","templated":true}]}}